{"id":692,"date":"2022-07-24T16:46:38","date_gmt":"2022-07-24T14:46:38","guid":{"rendered":"http:\/\/www.schuetzenverein-erlinghausen.de\/WPsve\/wordpress\/?page_id=692"},"modified":"2022-07-24T16:46:39","modified_gmt":"2022-07-24T14:46:39","slug":"kinderkoenig-und-kindervizekoenig-2022","status":"publish","type":"page","link":"https:\/\/www.schuetzenverein-erlinghausen.de\/WPsve\/wordpress\/?page_id=692","title":{"rendered":"Kinderk\u00f6nig und Kindervizek\u00f6nig 2022"},"content":{"rendered":"\n<p>Kinderk\u00f6nig und -k\u00f6nigin 2022 Kilian Kaup und Pia Stoop<\/p>\n\n\n\n<figure class=\"wp-block-image size-full\"><img loading=\"lazy\" decoding=\"async\" width=\"769\" height=\"971\" src=\"http:\/\/www.schuetzenverein-erlinghausen.de\/WPsve\/wordpress\/wp-content\/uploads\/2022\/07\/IMG-20220528-WA0003.jpg\" alt=\"\" class=\"wp-image-693\" srcset=\"https:\/\/www.schuetzenverein-erlinghausen.de\/WPsve\/wordpress\/wp-content\/uploads\/2022\/07\/IMG-20220528-WA0003.jpg 769w, https:\/\/www.schuetzenverein-erlinghausen.de\/WPsve\/wordpress\/wp-content\/uploads\/2022\/07\/IMG-20220528-WA0003-317x400.jpg 317w\" sizes=\"auto, (max-width: 769px) 100vw, 769px\" \/><\/figure>\n\n\n\n<p>Hofstaat<\/p>\n\n\n\n<figure class=\"wp-block-image size-large\"><img loading=\"lazy\" decoding=\"async\" width=\"1024\" height=\"697\" src=\"http:\/\/www.schuetzenverein-erlinghausen.de\/WPsve\/wordpress\/wp-content\/uploads\/2022\/07\/IMG-20220528-WA0001-1024x697.jpg\" alt=\"\" class=\"wp-image-695\" srcset=\"https:\/\/www.schuetzenverein-erlinghausen.de\/WPsve\/wordpress\/wp-content\/uploads\/2022\/07\/IMG-20220528-WA0001-1024x697.jpg 1024w, https:\/\/www.schuetzenverein-erlinghausen.de\/WPsve\/wordpress\/wp-content\/uploads\/2022\/07\/IMG-20220528-WA0001-400x272.jpg 400w, https:\/\/www.schuetzenverein-erlinghausen.de\/WPsve\/wordpress\/wp-content\/uploads\/2022\/07\/IMG-20220528-WA0001-768x523.jpg 768w, https:\/\/www.schuetzenverein-erlinghausen.de\/WPsve\/wordpress\/wp-content\/uploads\/2022\/07\/IMG-20220528-WA0001.jpg 1265w\" sizes=\"auto, (max-width: 1024px) 100vw, 1024px\" \/><\/figure>\n\n\n\n<p>Vizek\u00f6nig Marvin Prange und Paulina Gerlach<\/p>\n\n\n\n<figure class=\"wp-block-image size-large\"><img loading=\"lazy\" decoding=\"async\" width=\"768\" height=\"1024\" src=\"http:\/\/www.schuetzenverein-erlinghausen.de\/WPsve\/wordpress\/wp-content\/uploads\/2022\/07\/IMG-20220610-WA0007-768x1024.jpg\" alt=\"\" class=\"wp-image-694\" srcset=\"https:\/\/www.schuetzenverein-erlinghausen.de\/WPsve\/wordpress\/wp-content\/uploads\/2022\/07\/IMG-20220610-WA0007-768x1024.jpg 768w, https:\/\/www.schuetzenverein-erlinghausen.de\/WPsve\/wordpress\/wp-content\/uploads\/2022\/07\/IMG-20220610-WA0007-300x400.jpg 300w, https:\/\/www.schuetzenverein-erlinghausen.de\/WPsve\/wordpress\/wp-content\/uploads\/2022\/07\/IMG-20220610-WA0007-1152x1536.jpg 1152w, https:\/\/www.schuetzenverein-erlinghausen.de\/WPsve\/wordpress\/wp-content\/uploads\/2022\/07\/IMG-20220610-WA0007.jpg 1200w\" sizes=\"auto, (max-width: 768px) 100vw, 768px\" \/><\/figure>\n","protected":false},"excerpt":{"rendered":"<p>Kinderk\u00f6nig und -k\u00f6nigin 2022 Kilian Kaup und Pia Stoop Hofstaat Vizek\u00f6nig Marvin Prange und Paulina Gerlach<\/p>\n","protected":false},"author":1,"featured_media":0,"parent":0,"menu_order":0,"comment_status":"closed","ping_status":"closed","template":"","meta":{"footnotes":""},"class_list":["post-692","page","type-page","status-publish","hentry"],"_links":{"self":[{"href":"https:\/\/www.schuetzenverein-erlinghausen.de\/WPsve\/wordpress\/index.php?rest_route=\/wp\/v2\/pages\/692","targetHints":{"allow":["GET"]}}],"collection":[{"href":"https:\/\/www.schuetzenverein-erlinghausen.de\/WPsve\/wordpress\/index.php?rest_route=\/wp\/v2\/pages"}],"about":[{"href":"https:\/\/www.schuetzenverein-erlinghausen.de\/WPsve\/wordpress\/index.php?rest_route=\/wp\/v2\/types\/page"}],"author":[{"embeddable":true,"href":"https:\/\/www.schuetzenverein-erlinghausen.de\/WPsve\/wordpress\/index.php?rest_route=\/wp\/v2\/users\/1"}],"replies":[{"embeddable":true,"href":"https:\/\/www.schuetzenverein-erlinghausen.de\/WPsve\/wordpress\/index.php?rest_route=%2Fwp%2Fv2%2Fcomments&post=692"}],"version-history":[{"count":1,"href":"https:\/\/www.schuetzenverein-erlinghausen.de\/WPsve\/wordpress\/index.php?rest_route=\/wp\/v2\/pages\/692\/revisions"}],"predecessor-version":[{"id":696,"href":"https:\/\/www.schuetzenverein-erlinghausen.de\/WPsve\/wordpress\/index.php?rest_route=\/wp\/v2\/pages\/692\/revisions\/696"}],"wp:attachment":[{"href":"https:\/\/www.schuetzenverein-erlinghausen.de\/WPsve\/wordpress\/index.php?rest_route=%2Fwp%2Fv2%2Fmedia&parent=692"}],"curies":[{"name":"wp","href":"https:\/\/api.w.org\/{rel}","templated":true}]}}