{"id":585,"date":"2020-02-21T14:25:51","date_gmt":"2020-02-21T13:25:51","guid":{"rendered":"http:\/\/www.schuetzenverein-erlinghausen.de\/WPsve\/wordpress\/?page_id=585"},"modified":"2020-02-21T14:25:52","modified_gmt":"2020-02-21T13:25:52","slug":"kinderkoenig-und-kindervizekoenig-2019","status":"publish","type":"page","link":"https:\/\/www.schuetzenverein-erlinghausen.de\/WPsve\/wordpress\/?page_id=585","title":{"rendered":"Kinderk\u00f6nig und Kindervizek\u00f6nig 2019"},"content":{"rendered":"\n<p class=\"has-medium-font-size\"> Kinderk\u00f6nig und -k\u00f6nigin 2019 Vincent Schr\u00f6der und Klara Schr\u00f6der<\/p>\n\n\n\n<figure class=\"wp-block-image size-large\"><img loading=\"lazy\" decoding=\"async\" width=\"1024\" height=\"683\" src=\"http:\/\/www.schuetzenverein-erlinghausen.de\/WPsve\/wordpress\/wp-content\/uploads\/2020\/02\/IMG_8038-1024x683.jpg\" alt=\"\" class=\"wp-image-586\" srcset=\"https:\/\/www.schuetzenverein-erlinghausen.de\/WPsve\/wordpress\/wp-content\/uploads\/2020\/02\/IMG_8038-1024x683.jpg 1024w, https:\/\/www.schuetzenverein-erlinghausen.de\/WPsve\/wordpress\/wp-content\/uploads\/2020\/02\/IMG_8038-400x267.jpg 400w, https:\/\/www.schuetzenverein-erlinghausen.de\/WPsve\/wordpress\/wp-content\/uploads\/2020\/02\/IMG_8038-768x512.jpg 768w, https:\/\/www.schuetzenverein-erlinghausen.de\/WPsve\/wordpress\/wp-content\/uploads\/2020\/02\/IMG_8038-1536x1024.jpg 1536w, https:\/\/www.schuetzenverein-erlinghausen.de\/WPsve\/wordpress\/wp-content\/uploads\/2020\/02\/IMG_8038-2048x1365.jpg 2048w\" sizes=\"auto, (max-width: 1024px) 100vw, 1024px\" \/><\/figure>\n\n\n\n<p><\/p>\n\n\n\n<p><\/p>\n\n\n\n<p class=\"has-medium-font-size\">Kindervizek\u00f6nig und-Vizek\u00f6nigin 2019 Jonas A\u00dfhauer und Lea A\u00dfhauer<br><\/p>\n\n\n\n<figure class=\"wp-block-image size-large\"><img loading=\"lazy\" decoding=\"async\" width=\"1024\" height=\"683\" src=\"http:\/\/www.schuetzenverein-erlinghausen.de\/WPsve\/wordpress\/wp-content\/uploads\/2020\/02\/IMG_8092-1024x683.jpg\" alt=\"\" class=\"wp-image-587\" srcset=\"https:\/\/www.schuetzenverein-erlinghausen.de\/WPsve\/wordpress\/wp-content\/uploads\/2020\/02\/IMG_8092-1024x683.jpg 1024w, https:\/\/www.schuetzenverein-erlinghausen.de\/WPsve\/wordpress\/wp-content\/uploads\/2020\/02\/IMG_8092-400x267.jpg 400w, https:\/\/www.schuetzenverein-erlinghausen.de\/WPsve\/wordpress\/wp-content\/uploads\/2020\/02\/IMG_8092-768x512.jpg 768w, https:\/\/www.schuetzenverein-erlinghausen.de\/WPsve\/wordpress\/wp-content\/uploads\/2020\/02\/IMG_8092-1536x1024.jpg 1536w, https:\/\/www.schuetzenverein-erlinghausen.de\/WPsve\/wordpress\/wp-content\/uploads\/2020\/02\/IMG_8092-2048x1365.jpg 2048w\" sizes=\"auto, (max-width: 1024px) 100vw, 1024px\" \/><\/figure>\n","protected":false},"excerpt":{"rendered":"<p>Kinderk\u00f6nig und -k\u00f6nigin 2019 Vincent Schr\u00f6der und Klara Schr\u00f6der Kindervizek\u00f6nig und-Vizek\u00f6nigin 2019 Jonas A\u00dfhauer und Lea A\u00dfhauer<\/p>\n","protected":false},"author":1,"featured_media":0,"parent":0,"menu_order":0,"comment_status":"closed","ping_status":"closed","template":"","meta":{"footnotes":""},"class_list":["post-585","page","type-page","status-publish","hentry"],"_links":{"self":[{"href":"https:\/\/www.schuetzenverein-erlinghausen.de\/WPsve\/wordpress\/index.php?rest_route=\/wp\/v2\/pages\/585","targetHints":{"allow":["GET"]}}],"collection":[{"href":"https:\/\/www.schuetzenverein-erlinghausen.de\/WPsve\/wordpress\/index.php?rest_route=\/wp\/v2\/pages"}],"about":[{"href":"https:\/\/www.schuetzenverein-erlinghausen.de\/WPsve\/wordpress\/index.php?rest_route=\/wp\/v2\/types\/page"}],"author":[{"embeddable":true,"href":"https:\/\/www.schuetzenverein-erlinghausen.de\/WPsve\/wordpress\/index.php?rest_route=\/wp\/v2\/users\/1"}],"replies":[{"embeddable":true,"href":"https:\/\/www.schuetzenverein-erlinghausen.de\/WPsve\/wordpress\/index.php?rest_route=%2Fwp%2Fv2%2Fcomments&post=585"}],"version-history":[{"count":2,"href":"https:\/\/www.schuetzenverein-erlinghausen.de\/WPsve\/wordpress\/index.php?rest_route=\/wp\/v2\/pages\/585\/revisions"}],"predecessor-version":[{"id":590,"href":"https:\/\/www.schuetzenverein-erlinghausen.de\/WPsve\/wordpress\/index.php?rest_route=\/wp\/v2\/pages\/585\/revisions\/590"}],"wp:attachment":[{"href":"https:\/\/www.schuetzenverein-erlinghausen.de\/WPsve\/wordpress\/index.php?rest_route=%2Fwp%2Fv2%2Fmedia&parent=585"}],"curies":[{"name":"wp","href":"https:\/\/api.w.org\/{rel}","templated":true}]}}