{"id":56,"date":"2014-06-29T19:19:45","date_gmt":"2014-06-29T17:19:45","guid":{"rendered":"http:\/\/localhost:8080\/WPsve\/wordpress\/?page_id=56"},"modified":"2016-02-16T19:34:26","modified_gmt":"2016-02-16T18:34:26","slug":"ferienfreizeiten","status":"publish","type":"page","link":"https:\/\/www.schuetzenverein-erlinghausen.de\/WPsve\/wordpress\/?page_id=56","title":{"rendered":"Ferienfreizeiten"},"content":{"rendered":"<h2>Ferienfreizeiten<\/h2>\n<p>In der Vergangenheit wurde die Halle mehrfach von Jugendgruppen zur Ferienfreizeit genutzt. Als vorteilhaft wurde vor allem die eigene K\u00fcche im Hause, die getrennten Unterbringungsm\u00f6glichkeiten des Betreuungspersonals (z.B. in der Sch\u00fctzenstube) sowie die sanit\u00e4ren Anlagen (Duschen, behindertengerechte Toilette etc.) empfunden. Ein weiterer Vorteil liegt in der ruhigen Lage des Ortes, der den Kindern und Jugendlichen im Ort und in der n\u00e4heren Umgebung zahlreiche Freizeitm\u00f6glichkeiten bietet. In Bezug auf Einkaufsm\u00f6glichkeiten stehen die Filialen fast aller gro\u00dfen Einzelhandelsketten in unmittelbarer N\u00e4he (Marsberg, 3 km) zur Verf\u00fcgung.<\/p>\n<h2>Bilder des Zeltlagers aus 2005<\/h2>\n<p><a href=\"\/WPsve\/wordpress\/wp-content\/uploads\/2014\/06\/Zeltlager05.jpg\"><img loading=\"lazy\" decoding=\"async\" class=\"alignnone size-medium wp-image-57\" src=\"\/WPsve\/wordpress\/wp-content\/uploads\/2014\/06\/Zeltlager05-400x207.jpg\" alt=\"Zeltlager05\" width=\"400\" height=\"207\" srcset=\"https:\/\/www.schuetzenverein-erlinghausen.de\/WPsve\/wordpress\/wp-content\/uploads\/2014\/06\/Zeltlager05-400x207.jpg 400w, https:\/\/www.schuetzenverein-erlinghausen.de\/WPsve\/wordpress\/wp-content\/uploads\/2014\/06\/Zeltlager05.jpg 500w\" sizes=\"auto, (max-width: 400px) 100vw, 400px\" \/><\/a><\/p>\n<p><a href=\"\/WPsve\/wordpress\/wp-content\/uploads\/2014\/06\/Zeltlager2005.jpg\"><img loading=\"lazy\" decoding=\"async\" class=\"alignnone size-medium wp-image-58\" src=\"\/WPsve\/wordpress\/wp-content\/uploads\/2014\/06\/Zeltlager2005-400x243.jpg\" alt=\"Zeltlager2005\" width=\"400\" height=\"243\" srcset=\"https:\/\/www.schuetzenverein-erlinghausen.de\/WPsve\/wordpress\/wp-content\/uploads\/2014\/06\/Zeltlager2005-400x243.jpg 400w, https:\/\/www.schuetzenverein-erlinghausen.de\/WPsve\/wordpress\/wp-content\/uploads\/2014\/06\/Zeltlager2005.jpg 500w\" sizes=\"auto, (max-width: 400px) 100vw, 400px\" \/><\/a><\/p>\n<p>Ansprechpartner:<br \/>\nFranz-Josef Schr\u00f6der<br \/>\nGerhard-Br\u00f6kel-Weg 24, 34431 Marsberg, Tel. 02992\/655275<br \/>\n<a href=\"mailto:schriftfuehrer@schuetzenverein-erlinghausen.de\"><span style=\"text-decoration: underline;\"><span style=\"color: #0066cc;\">schriftfuehrer@schuetzenverein-erlinghausen.de<\/span><\/span><\/a><\/p>\n","protected":false},"excerpt":{"rendered":"<p>Ferienfreizeiten In der Vergangenheit wurde die Halle mehrfach von Jugendgruppen zur Ferienfreizeit genutzt. Als vorteilhaft wurde vor allem die eigene K\u00fcche im Hause, die getrennten Unterbringungsm\u00f6glichkeiten des Betreuungspersonals (z.B. in der Sch\u00fctzenstube) sowie die sanit\u00e4ren Anlagen (Duschen, behindertengerechte Toilette etc.)&hellip; <\/p>\n","protected":false},"author":1,"featured_media":0,"parent":0,"menu_order":0,"comment_status":"closed","ping_status":"closed","template":"","meta":{"footnotes":""},"class_list":["post-56","page","type-page","status-publish","hentry"],"_links":{"self":[{"href":"https:\/\/www.schuetzenverein-erlinghausen.de\/WPsve\/wordpress\/index.php?rest_route=\/wp\/v2\/pages\/56","targetHints":{"allow":["GET"]}}],"collection":[{"href":"https:\/\/www.schuetzenverein-erlinghausen.de\/WPsve\/wordpress\/index.php?rest_route=\/wp\/v2\/pages"}],"about":[{"href":"https:\/\/www.schuetzenverein-erlinghausen.de\/WPsve\/wordpress\/index.php?rest_route=\/wp\/v2\/types\/page"}],"author":[{"embeddable":true,"href":"https:\/\/www.schuetzenverein-erlinghausen.de\/WPsve\/wordpress\/index.php?rest_route=\/wp\/v2\/users\/1"}],"replies":[{"embeddable":true,"href":"https:\/\/www.schuetzenverein-erlinghausen.de\/WPsve\/wordpress\/index.php?rest_route=%2Fwp%2Fv2%2Fcomments&post=56"}],"version-history":[{"count":7,"href":"https:\/\/www.schuetzenverein-erlinghausen.de\/WPsve\/wordpress\/index.php?rest_route=\/wp\/v2\/pages\/56\/revisions"}],"predecessor-version":[{"id":370,"href":"https:\/\/www.schuetzenverein-erlinghausen.de\/WPsve\/wordpress\/index.php?rest_route=\/wp\/v2\/pages\/56\/revisions\/370"}],"wp:attachment":[{"href":"https:\/\/www.schuetzenverein-erlinghausen.de\/WPsve\/wordpress\/index.php?rest_route=%2Fwp%2Fv2%2Fmedia&parent=56"}],"curies":[{"name":"wp","href":"https:\/\/api.w.org\/{rel}","templated":true}]}}