{"id":559,"date":"2019-08-03T15:10:18","date_gmt":"2019-08-03T13:10:18","guid":{"rendered":"http:\/\/www.schuetzenverein-erlinghausen.de\/WPsve\/wordpress\/?page_id=559"},"modified":"2019-08-03T15:10:19","modified_gmt":"2019-08-03T13:10:19","slug":"koenig-vize-kaiser-2019","status":"publish","type":"page","link":"https:\/\/www.schuetzenverein-erlinghausen.de\/WPsve\/wordpress\/?page_id=559","title":{"rendered":"K\u00f6nig, Vize, Kaiser 2019"},"content":{"rendered":"<p><strong>Sch\u00fctzenk\u00f6nig 2019 \/ 20:<\/strong><br \/>\n<strong>Helmut Fester mit Ehefrau Marita<\/strong><br \/>\n<a href=\"http:\/\/www.schuetzenverein-erlinghausen.de\/WPsve\/wordpress\/wp-content\/uploads\/2019\/08\/DSCN3640-e1564837101612.jpg\"><img loading=\"lazy\" decoding=\"async\" class=\"alignnone size-large wp-image-560\" src=\"http:\/\/www.schuetzenverein-erlinghausen.de\/WPsve\/wordpress\/wp-content\/uploads\/2019\/08\/DSCN3640-e1564837101612-768x1024.jpg\" alt=\"\" width=\"700\" height=\"933\" srcset=\"https:\/\/www.schuetzenverein-erlinghausen.de\/WPsve\/wordpress\/wp-content\/uploads\/2019\/08\/DSCN3640-e1564837101612-768x1024.jpg 768w, https:\/\/www.schuetzenverein-erlinghausen.de\/WPsve\/wordpress\/wp-content\/uploads\/2019\/08\/DSCN3640-e1564837101612-300x400.jpg 300w\" sizes=\"auto, (max-width: 700px) 100vw, 700px\" \/><\/a><\/p>\n<p><strong>Vizek\u00f6nig 2019 \/ 2020:<br \/>\n<\/strong><strong>Julius Prior<\/strong><\/p>\n<p><a href=\"http:\/\/www.schuetzenverein-erlinghausen.de\/WPsve\/wordpress\/wp-content\/uploads\/2019\/08\/IMG_8695-e1564837443644.jpg\"><img loading=\"lazy\" decoding=\"async\" class=\"alignnone size-large wp-image-561\" src=\"http:\/\/www.schuetzenverein-erlinghausen.de\/WPsve\/wordpress\/wp-content\/uploads\/2019\/08\/IMG_8695-e1564837443644-566x1024.jpg\" alt=\"\" width=\"566\" height=\"1024\" srcset=\"https:\/\/www.schuetzenverein-erlinghausen.de\/WPsve\/wordpress\/wp-content\/uploads\/2019\/08\/IMG_8695-e1564837443644-566x1024.jpg 566w, https:\/\/www.schuetzenverein-erlinghausen.de\/WPsve\/wordpress\/wp-content\/uploads\/2019\/08\/IMG_8695-e1564837443644-221x400.jpg 221w, https:\/\/www.schuetzenverein-erlinghausen.de\/WPsve\/wordpress\/wp-content\/uploads\/2019\/08\/IMG_8695-e1564837443644-768x1388.jpg 768w, https:\/\/www.schuetzenverein-erlinghausen.de\/WPsve\/wordpress\/wp-content\/uploads\/2019\/08\/IMG_8695-e1564837443644.jpg 1622w\" sizes=\"auto, (max-width: 566px) 100vw, 566px\" \/><\/a><\/p>\n<p><strong>Kaiser Dirk Simon\u00a0<\/strong><\/p>\n<p><a href=\"http:\/\/www.schuetzenverein-erlinghausen.de\/WPsve\/wordpress\/wp-content\/uploads\/2017\/07\/dirk2017.jpg\"><img decoding=\"async\" class=\"alignnone wp-image-335\" src=\"http:\/\/www.schuetzenverein-erlinghausen.de\/WPsve\/wordpress\/wp-content\/uploads\/2017\/07\/dirk2017.jpg\" alt=\"IMG_1262\" width=\"600\" \/><\/a><\/p>\n","protected":false},"excerpt":{"rendered":"<p>Sch\u00fctzenk\u00f6nig 2019 \/ 20: Helmut Fester mit Ehefrau Marita Vizek\u00f6nig 2019 \/ 2020: Julius Prior Kaiser Dirk Simon\u00a0<\/p>\n","protected":false},"author":1,"featured_media":0,"parent":0,"menu_order":0,"comment_status":"closed","ping_status":"closed","template":"","meta":{"footnotes":""},"class_list":["post-559","page","type-page","status-publish","hentry"],"_links":{"self":[{"href":"https:\/\/www.schuetzenverein-erlinghausen.de\/WPsve\/wordpress\/index.php?rest_route=\/wp\/v2\/pages\/559","targetHints":{"allow":["GET"]}}],"collection":[{"href":"https:\/\/www.schuetzenverein-erlinghausen.de\/WPsve\/wordpress\/index.php?rest_route=\/wp\/v2\/pages"}],"about":[{"href":"https:\/\/www.schuetzenverein-erlinghausen.de\/WPsve\/wordpress\/index.php?rest_route=\/wp\/v2\/types\/page"}],"author":[{"embeddable":true,"href":"https:\/\/www.schuetzenverein-erlinghausen.de\/WPsve\/wordpress\/index.php?rest_route=\/wp\/v2\/users\/1"}],"replies":[{"embeddable":true,"href":"https:\/\/www.schuetzenverein-erlinghausen.de\/WPsve\/wordpress\/index.php?rest_route=%2Fwp%2Fv2%2Fcomments&post=559"}],"version-history":[{"count":1,"href":"https:\/\/www.schuetzenverein-erlinghausen.de\/WPsve\/wordpress\/index.php?rest_route=\/wp\/v2\/pages\/559\/revisions"}],"predecessor-version":[{"id":562,"href":"https:\/\/www.schuetzenverein-erlinghausen.de\/WPsve\/wordpress\/index.php?rest_route=\/wp\/v2\/pages\/559\/revisions\/562"}],"wp:attachment":[{"href":"https:\/\/www.schuetzenverein-erlinghausen.de\/WPsve\/wordpress\/index.php?rest_route=%2Fwp%2Fv2%2Fmedia&parent=559"}],"curies":[{"name":"wp","href":"https:\/\/api.w.org\/{rel}","templated":true}]}}