{"id":437,"date":"2017-06-15T12:13:45","date_gmt":"2017-06-15T10:13:45","guid":{"rendered":"http:\/\/www.schuetzenverein-erlinghausen.de\/WPsve\/wordpress\/?page_id=437"},"modified":"2017-06-15T12:13:45","modified_gmt":"2017-06-15T10:13:45","slug":"kinderkoenig-und-kindervizekoenig-2017","status":"publish","type":"page","link":"https:\/\/www.schuetzenverein-erlinghausen.de\/WPsve\/wordpress\/?page_id=437","title":{"rendered":"Kinderk\u00f6nig und Kindervizek\u00f6nig 2017"},"content":{"rendered":"<h1><\/h1>\n<h1>Kinderk\u00f6nig und -k\u00f6nigin 2017<\/h1>\n<h2>Moritz Wallmeier und Lovis Theile mit Hofstaat<\/h2>\n<p><a href=\"http:\/\/www.schuetzenverein-erlinghausen.de\/WPsve\/wordpress\/wp-content\/uploads\/2017\/06\/DSC01688.jpg\"><img loading=\"lazy\" decoding=\"async\" class=\"alignnone size-large wp-image-439\" src=\"http:\/\/www.schuetzenverein-erlinghausen.de\/WPsve\/wordpress\/wp-content\/uploads\/2017\/06\/DSC01688-1024x768.jpg\" alt=\"DSC01688\" width=\"700\" height=\"525\" srcset=\"https:\/\/www.schuetzenverein-erlinghausen.de\/WPsve\/wordpress\/wp-content\/uploads\/2017\/06\/DSC01688-1024x768.jpg 1024w, https:\/\/www.schuetzenverein-erlinghausen.de\/WPsve\/wordpress\/wp-content\/uploads\/2017\/06\/DSC01688-400x300.jpg 400w, https:\/\/www.schuetzenverein-erlinghausen.de\/WPsve\/wordpress\/wp-content\/uploads\/2017\/06\/DSC01688-768x576.jpg 768w\" sizes=\"auto, (max-width: 700px) 100vw, 700px\" \/><\/a><\/p>\n<p>&nbsp;<\/p>\n<p>&nbsp;<\/p>\n<p>&nbsp;<\/p>\n<p>&nbsp;<\/p>\n<h1>Kindervizek\u00f6nig und -k\u00f6nigin 2017 mit Hofstaat (Bild folgt)<\/h1>\n<h2>Marlon Prange und Annemike Prior<\/h2>\n","protected":false},"excerpt":{"rendered":"<p>Kinderk\u00f6nig und -k\u00f6nigin 2017 Moritz Wallmeier und Lovis Theile mit Hofstaat &nbsp; &nbsp; &nbsp; &nbsp; Kindervizek\u00f6nig und -k\u00f6nigin 2017 mit Hofstaat (Bild folgt) Marlon Prange und Annemike Prior<\/p>\n","protected":false},"author":1,"featured_media":0,"parent":0,"menu_order":0,"comment_status":"closed","ping_status":"closed","template":"","meta":{"footnotes":""},"class_list":["post-437","page","type-page","status-publish","hentry"],"_links":{"self":[{"href":"https:\/\/www.schuetzenverein-erlinghausen.de\/WPsve\/wordpress\/index.php?rest_route=\/wp\/v2\/pages\/437","targetHints":{"allow":["GET"]}}],"collection":[{"href":"https:\/\/www.schuetzenverein-erlinghausen.de\/WPsve\/wordpress\/index.php?rest_route=\/wp\/v2\/pages"}],"about":[{"href":"https:\/\/www.schuetzenverein-erlinghausen.de\/WPsve\/wordpress\/index.php?rest_route=\/wp\/v2\/types\/page"}],"author":[{"embeddable":true,"href":"https:\/\/www.schuetzenverein-erlinghausen.de\/WPsve\/wordpress\/index.php?rest_route=\/wp\/v2\/users\/1"}],"replies":[{"embeddable":true,"href":"https:\/\/www.schuetzenverein-erlinghausen.de\/WPsve\/wordpress\/index.php?rest_route=%2Fwp%2Fv2%2Fcomments&post=437"}],"version-history":[{"count":4,"href":"https:\/\/www.schuetzenverein-erlinghausen.de\/WPsve\/wordpress\/index.php?rest_route=\/wp\/v2\/pages\/437\/revisions"}],"predecessor-version":[{"id":444,"href":"https:\/\/www.schuetzenverein-erlinghausen.de\/WPsve\/wordpress\/index.php?rest_route=\/wp\/v2\/pages\/437\/revisions\/444"}],"wp:attachment":[{"href":"https:\/\/www.schuetzenverein-erlinghausen.de\/WPsve\/wordpress\/index.php?rest_route=%2Fwp%2Fv2%2Fmedia&parent=437"}],"curies":[{"name":"wp","href":"https:\/\/api.w.org\/{rel}","templated":true}]}}