{"id":256,"date":"2014-07-26T11:19:04","date_gmt":"2014-07-26T09:19:04","guid":{"rendered":"http:\/\/www.schuetzenverein-erlinghausen.de\/WPsve\/wordpress\/?page_id=256"},"modified":"2023-08-09T20:55:02","modified_gmt":"2023-08-09T18:55:02","slug":"koenig-vize-kaiser-2","status":"publish","type":"page","link":"https:\/\/www.schuetzenverein-erlinghausen.de\/WPsve\/wordpress\/?page_id=256","title":{"rendered":"K\u00f6nig, Vize, Kaiser"},"content":{"rendered":"<p><a title=\"K\u00f6nig, Vize, Kaiser 2023\" href=\"http:\/\/www.schuetzenverein-erlinghausen.de\/WPsve\/wordpress\/?page_id=751\">K\u00f6nig, Vize und Kaiser 2023<\/a><\/p>\n<p><a title=\"K\u00f6nig, Vize, Kaiser 2022\" href=\"http:\/\/www.schuetzenverein-erlinghausen.de\/WPsve\/wordpress\/?page_id=679\">K\u00f6nig, Vize und Kaiser 2022<\/a><\/p>\n<p><a title=\"K\u00f6nig, Vize, Kaiser 2019\" href=\"http:\/\/www.schuetzenverein-erlinghausen.de\/WPsve\/wordpress\/?page_id=559\">K\u00f6nig, Vize und Kaiser 2019<\/a><\/p>\n<p><a title=\"K\u00f6nig, Vize, Kaiser 2018\" href=\"http:\/\/www.schuetzenverein-erlinghausen.de\/WPsve\/wordpress\/?page_id=519\">K\u00f6nig, Vize und Kaiser 2018<\/a><\/p>\n<p><a title=\"K\u00f6nig, Vize, Kaiser 2017\" href=\"http:\/\/www.schuetzenverein-erlinghausen.de\/WPsve\/wordpress\/?page_id=460\">K\u00f6nig, Vize und Kaiser 2017<\/a><\/p>\n<p><a title=\"K\u00f6nig, Vize, Kaiser 2016\" href=\"http:\/\/www.schuetzenverein-erlinghausen.de\/WPsve\/wordpress\/?page_id=405\">K\u00f6nig, Vize und Kaiser 2016<\/a><\/p>\n<p><a title=\"K\u00f6nig, Vize, Kaiser 2015\" href=\"http:\/\/www.schuetzenverein-erlinghausen.de\/WPsve\/wordpress\/?page_id=334\">K\u00f6nig, Vize und Kaiser 2015<\/a><\/p>\n<p><a title=\"K\u00f6nig, Vize, Kaiser 2014\" href=\"http:\/\/www.schuetzenverein-erlinghausen.de\/WPsve\/wordpress\/?page_id=250\">K\u00f6nig, Vize und Kaiser 2014<\/a><\/p>\n<p><a title=\"K\u00f6nig, Vize, Kaiser 2013\" href=\"http:\/\/www.schuetzenverein-erlinghausen.de\/WPsve\/wordpress\/?page_id=70\">K\u00f6nig, Vize und Kaiser 2013<\/a><\/p>\n","protected":false},"excerpt":{"rendered":"<p>K\u00f6nig, Vize und Kaiser 2023 K\u00f6nig, Vize und Kaiser 2022 K\u00f6nig, Vize und Kaiser 2019 K\u00f6nig, Vize und Kaiser 2018 K\u00f6nig, Vize und Kaiser 2017 K\u00f6nig, Vize und Kaiser 2016 K\u00f6nig, Vize und Kaiser 2015 K\u00f6nig, Vize und Kaiser 2014&hellip; <\/p>\n","protected":false},"author":1,"featured_media":0,"parent":0,"menu_order":0,"comment_status":"closed","ping_status":"closed","template":"","meta":{"footnotes":""},"class_list":["post-256","page","type-page","status-publish","hentry"],"_links":{"self":[{"href":"https:\/\/www.schuetzenverein-erlinghausen.de\/WPsve\/wordpress\/index.php?rest_route=\/wp\/v2\/pages\/256","targetHints":{"allow":["GET"]}}],"collection":[{"href":"https:\/\/www.schuetzenverein-erlinghausen.de\/WPsve\/wordpress\/index.php?rest_route=\/wp\/v2\/pages"}],"about":[{"href":"https:\/\/www.schuetzenverein-erlinghausen.de\/WPsve\/wordpress\/index.php?rest_route=\/wp\/v2\/types\/page"}],"author":[{"embeddable":true,"href":"https:\/\/www.schuetzenverein-erlinghausen.de\/WPsve\/wordpress\/index.php?rest_route=\/wp\/v2\/users\/1"}],"replies":[{"embeddable":true,"href":"https:\/\/www.schuetzenverein-erlinghausen.de\/WPsve\/wordpress\/index.php?rest_route=%2Fwp%2Fv2%2Fcomments&post=256"}],"version-history":[{"count":7,"href":"https:\/\/www.schuetzenverein-erlinghausen.de\/WPsve\/wordpress\/index.php?rest_route=\/wp\/v2\/pages\/256\/revisions"}],"predecessor-version":[{"id":756,"href":"https:\/\/www.schuetzenverein-erlinghausen.de\/WPsve\/wordpress\/index.php?rest_route=\/wp\/v2\/pages\/256\/revisions\/756"}],"wp:attachment":[{"href":"https:\/\/www.schuetzenverein-erlinghausen.de\/WPsve\/wordpress\/index.php?rest_route=%2Fwp%2Fv2%2Fmedia&parent=256"}],"curies":[{"name":"wp","href":"https:\/\/api.w.org\/{rel}","templated":true}]}}