{"id":179,"date":"2014-06-30T17:28:23","date_gmt":"2014-06-30T15:28:23","guid":{"rendered":"http:\/\/localhost:8080\/WPsve\/wordpress\/?page_id=179"},"modified":"2014-07-01T11:23:59","modified_gmt":"2014-07-01T09:23:59","slug":"listen","status":"publish","type":"page","link":"https:\/\/www.schuetzenverein-erlinghausen.de\/WPsve\/wordpress\/?page_id=179","title":{"rendered":"Listen"},"content":{"rendered":"<p><a title=\"Liste der K\u00f6nige\" href=\"\/WPsve\/wordpress\/?page_id=88\">Liste der K\u00f6nige und K\u00f6niginnen mit Bildern<\/a><br \/>\n<a title=\"Liste der Vizek\u00f6nige\" href=\"\/WPsve\/wordpress\/?page_id=173\">Liste der Vizek\u00f6nige<\/a><br \/>\n<a title=\"Liste der Kinderk\u00f6nige\" href=\"\/WPsve\/wordpress\/?page_id=176\">Liste der Kinderk\u00f6nige<\/a><\/p>\n","protected":false},"excerpt":{"rendered":"<p>Liste der K\u00f6nige und K\u00f6niginnen mit Bildern Liste der Vizek\u00f6nige Liste der Kinderk\u00f6nige<\/p>\n","protected":false},"author":1,"featured_media":0,"parent":0,"menu_order":0,"comment_status":"closed","ping_status":"closed","template":"","meta":{"footnotes":""},"class_list":["post-179","page","type-page","status-publish","hentry"],"_links":{"self":[{"href":"https:\/\/www.schuetzenverein-erlinghausen.de\/WPsve\/wordpress\/index.php?rest_route=\/wp\/v2\/pages\/179","targetHints":{"allow":["GET"]}}],"collection":[{"href":"https:\/\/www.schuetzenverein-erlinghausen.de\/WPsve\/wordpress\/index.php?rest_route=\/wp\/v2\/pages"}],"about":[{"href":"https:\/\/www.schuetzenverein-erlinghausen.de\/WPsve\/wordpress\/index.php?rest_route=\/wp\/v2\/types\/page"}],"author":[{"embeddable":true,"href":"https:\/\/www.schuetzenverein-erlinghausen.de\/WPsve\/wordpress\/index.php?rest_route=\/wp\/v2\/users\/1"}],"replies":[{"embeddable":true,"href":"https:\/\/www.schuetzenverein-erlinghausen.de\/WPsve\/wordpress\/index.php?rest_route=%2Fwp%2Fv2%2Fcomments&post=179"}],"version-history":[{"count":2,"href":"https:\/\/www.schuetzenverein-erlinghausen.de\/WPsve\/wordpress\/index.php?rest_route=\/wp\/v2\/pages\/179\/revisions"}],"predecessor-version":[{"id":195,"href":"https:\/\/www.schuetzenverein-erlinghausen.de\/WPsve\/wordpress\/index.php?rest_route=\/wp\/v2\/pages\/179\/revisions\/195"}],"wp:attachment":[{"href":"https:\/\/www.schuetzenverein-erlinghausen.de\/WPsve\/wordpress\/index.php?rest_route=%2Fwp%2Fv2%2Fmedia&parent=179"}],"curies":[{"name":"wp","href":"https:\/\/api.w.org\/{rel}","templated":true}]}}