{"id":75,"date":"2014-06-29T19:31:49","date_gmt":"2014-06-29T17:31:49","guid":{"rendered":"http:\/\/localhost:8080\/WPsve\/wordpress\/?page_id=75"},"modified":"2015-06-22T18:50:11","modified_gmt":"2015-06-22T16:50:11","slug":"kinderkoenig-und-vizekinderkoenig","status":"publish","type":"page","link":"http:\/\/www.schuetzenverein-erlinghausen.de\/WPsve\/wordpress\/?page_id=75","title":{"rendered":"Kinderk\u00f6nig und Kindervizek\u00f6nig 2014"},"content":{"rendered":"<h1><\/h1>\n<h1>Kinderk\u00f6nig und-k\u00f6nigin 2014<\/h1>\n<h2>Florian Hess und Emilie Prior<\/h2>\n<p><img loading=\"lazy\" decoding=\"async\" src=\"http:\/\/www.schuetzenverein-erlinghausen.de\/WPsve\/wordpress\/wp-content\/uploads\/2014\/07\/IMG_6902_klein.jpg\" alt=\"\" width=\"600\" height=\"900\" \/><\/p>\n<h2>K\u00f6nigspaar mit Hofstaat<\/h2>\n<p><img loading=\"lazy\" decoding=\"async\" src=\"http:\/\/www.schuetzenverein-erlinghausen.de\/WPsve\/wordpress\/wp-content\/uploads\/2014\/07\/IMG_6963_klein.jpg\" alt=\"\" width=\"600\" height=\"400\" \/><\/p>\n<h1>Kindervizek\u00f6nig und -k\u00f6nigin 2014<\/h1>\n<h2>Leo Varlemann und Anna A\u00dfhauer<\/h2>\n<p><img loading=\"lazy\" decoding=\"async\" src=\"http:\/\/www.schuetzenverein-erlinghausen.de\/WPsve\/wordpress\/wp-content\/uploads\/2014\/07\/vize.jpg\" alt=\"\" width=\"600\" height=\"800\" \/><\/p>\n","protected":false},"excerpt":{"rendered":"<p>Kinderk\u00f6nig und-k\u00f6nigin 2014 Florian Hess und Emilie Prior K\u00f6nigspaar mit Hofstaat Kindervizek\u00f6nig und -k\u00f6nigin 2014 Leo Varlemann und Anna A\u00dfhauer<\/p>\n","protected":false},"author":1,"featured_media":0,"parent":0,"menu_order":0,"comment_status":"closed","ping_status":"closed","template":"","meta":{"footnotes":""},"class_list":["post-75","page","type-page","status-publish","hentry"],"_links":{"self":[{"href":"http:\/\/www.schuetzenverein-erlinghausen.de\/WPsve\/wordpress\/index.php?rest_route=\/wp\/v2\/pages\/75","targetHints":{"allow":["GET"]}}],"collection":[{"href":"http:\/\/www.schuetzenverein-erlinghausen.de\/WPsve\/wordpress\/index.php?rest_route=\/wp\/v2\/pages"}],"about":[{"href":"http:\/\/www.schuetzenverein-erlinghausen.de\/WPsve\/wordpress\/index.php?rest_route=\/wp\/v2\/types\/page"}],"author":[{"embeddable":true,"href":"http:\/\/www.schuetzenverein-erlinghausen.de\/WPsve\/wordpress\/index.php?rest_route=\/wp\/v2\/users\/1"}],"replies":[{"embeddable":true,"href":"http:\/\/www.schuetzenverein-erlinghausen.de\/WPsve\/wordpress\/index.php?rest_route=%2Fwp%2Fv2%2Fcomments&post=75"}],"version-history":[{"count":6,"href":"http:\/\/www.schuetzenverein-erlinghausen.de\/WPsve\/wordpress\/index.php?rest_route=\/wp\/v2\/pages\/75\/revisions"}],"predecessor-version":[{"id":315,"href":"http:\/\/www.schuetzenverein-erlinghausen.de\/WPsve\/wordpress\/index.php?rest_route=\/wp\/v2\/pages\/75\/revisions\/315"}],"wp:attachment":[{"href":"http:\/\/www.schuetzenverein-erlinghausen.de\/WPsve\/wordpress\/index.php?rest_route=%2Fwp%2Fv2%2Fmedia&parent=75"}],"curies":[{"name":"wp","href":"https:\/\/api.w.org\/{rel}","templated":true}]}}